{"id":489,"date":"2024-05-16T14:28:26","date_gmt":"2024-05-16T14:28:26","guid":{"rendered":"http:\/\/albaholiday.local\/?page_id=489"},"modified":"2025-03-19T09:54:22","modified_gmt":"2025-03-19T09:54:22","slug":"location-directions","status":"publish","type":"page","link":"https:\/\/albaholidaylets.com\/es\/about-us\/location-directions\/","title":{"rendered":"Location | Directions"},"content":{"rendered":"<div class=\"wp-block-genesis-blocks-gb-columns gb-slate-section-hero-title gpb-slate-section-hero-title gb-layout-columns-1 one-column gb-has-background-dim gb-has-background-dim-60 gb-background-cover gb-background-no-repeat gb-has-custom-background-color gb-has-custom-text-color gb-columns-center alignfull\" style=\"padding-top:10em;padding-right:1em;padding-bottom:10em;padding-left:1em;background-color:#1f1f1f;color:#f5f5f5;background-image:url(https:\/\/albaholidaylets.com\/wp-content\/uploads\/2024\/04\/IMG_0640-scaled.jpeg);background-position:17% 39%\"><div class=\"gb-layout-column-wrap gb-block-layout-column-gap-0 gb-is-responsive-column\" style=\"max-width:1200px\">\n<div class=\"wp-block-genesis-blocks-gb-column gb-block-layout-column\"><div class=\"gb-block-layout-column-inner\">\n<div class=\"wp-block-genesis-blocks-gb-columns gb-layout-columns-2 gb-2-col-wideleft gb-columns-center alignfull\"><div class=\"gb-layout-column-wrap gb-block-layout-column-gap-8 gb-is-responsive-column\" style=\"max-width:1200px\">\n<div class=\"wp-block-genesis-blocks-gb-column gb-block-layout-column gb-is-vertically-aligned-top\"><div class=\"gb-block-layout-column-inner\">\n<h2 class=\"wp-block-heading has-text-color\" style=\"color:#f5f5f5;font-size:90px\">Location &amp; Directions<\/h2>\n<\/div><\/div>\n\n\n\n<div class=\"wp-block-genesis-blocks-gb-column gb-block-layout-column gb-is-vertically-aligned-center\"><div class=\"gb-block-layout-column-inner\">\n<p><\/p>\n<\/div><\/div>\n<\/div><\/div>\n<\/div><\/div>\n<\/div><\/div>\n\n\n\n<div style=\"height:100px\" aria-hidden=\"true\" class=\"wp-block-spacer\"><\/div>\n\n\n<div id=\"wpgmza_map\" class=\"wpgmza_map\" data-settings='{\"id\":\"1\",\"map_title\":\"My first map\",\"map_width\":\"100\",\"map_height\":\"400\",\"map_start_lat\":\"36.934049699999974\",\"map_start_lng\":\"-3.3103581\",\"map_start_location\":\"45.950464398418106,-109.81550500000003\",\"map_start_zoom\":\"18\",\"default_marker\":\"\",\"type\":\"0\",\"alignment\":\"4\",\"directions_enabled\":\"0\",\"styling_enabled\":\"0\",\"styling_json\":\"\",\"active\":\"0\",\"kml\":\"\",\"bicycle\":\"0\",\"traffic\":\"0\",\"dbox\":\"0\",\"dbox_width\":\"\",\"listmarkers\":\"0\",\"listmarkers_advanced\":\"0\",\"filterbycat\":\"0\",\"ugm_enabled\":\"0\",\"ugm_category_enabled\":\"0\",\"fusion\":\"\",\"map_width_type\":\"%\",\"map_height_type\":\"px\",\"mass_marker_support\":\"0\",\"ugm_access\":\"0\",\"order_markers_by\":\"0\",\"order_markers_choice\":\"0\",\"show_user_location\":\"0\",\"default_to\":\"\",\"other_settings\":{\"map_type\":1,\"sl_stroke_color\":\"\",\"sl_fill_color\":\"\",\"sl_stroke_opacity\":\"\",\"sl_fill_opacity\":\"\",\"transport_layer\":false,\"action\":\"wpgmza_save_map\",\"redirect_to\":\"\\\/albaholidaylets\\\/wp-admin\\\/admin-post.php\",\"map_id\":\"1\",\"http_referer\":\"\\\/albaholidaylets\\\/wp-admin\\\/admin.php?page=wp-google-maps-menu&amp;amp;action=edit&amp;amp;map_id=1\",\"wpgmza_id\":\"1\",\"wpgmza_start_location\":\"36.934049699999974,-3.3103581\",\"wpgmza_start_zoom\":\"18\",\"store_locator_enabled\":false,\"store_locator_search_area\":\"radial\",\"wpgmza_store_locator_radius_style\":\"legacy\",\"wpgmza_store_locator_default_radius\":\"10\",\"store_locator_auto_area_max_zoom\":\"\",\"store_locator_distance\":false,\"wpgmza_store_locator_position\":false,\"store_locator_show_distance\":false,\"store_locator_category\":false,\"wpgmza_store_locator_use_their_location\":false,\"wpgmza_store_locator_bounce\":false,\"wpgmza_sl_animation\":null,\"wpgmza_store_locator_hide_before_search\":false,\"store_locator_query_string\":\"\",\"store_locator_location_placeholder\":\"\",\"store_locator_default_address\":\"\",\"store_locator_name_search\":false,\"store_locator_name_string\":\"\",\"store_locator_not_found_message\":\"\",\"wpgmza_map_align\":\"1\",\"jump_to_nearest_marker_on_initialization\":false,\"automatically_pan_to_users_location\":false,\"override_users_location_zoom_level\":false,\"override_users_location_zoom_levels\":\"\",\"show_distance_from_location\":false,\"map_max_zoom\":\"21\",\"map_min_zoom\":\"0\",\"click_open_link\":false,\"fit_maps_bounds_to_markers\":false,\"fit_maps_bounds_to_markers_after_filtering\":false,\"hide_point_of_interest\":false,\"wpgmza_zoom_on_marker_click\":false,\"wpgmza_zoom_on_marker_click_slider\":\"\",\"close_infowindow_on_map_click\":false,\"disable_lightbox_images\":false,\"use_Raw_Jpeg_Coordinates\":false,\"disable_polygon_info_windows\":false,\"enable_marker_ratings\":false,\"enable_marker_labels\":false,\"only_load_markers_within_viewport\":false,\"zoom_level_mobile_override_enabled\":false,\"zoom_level_mobile_override\":\"\",\"iw_primary_color\":\"#000000\",\"iw_accent_color\":\"#000000\",\"iw_text_color\":\"#000000\",\"wpgmza_listmarkers_by\":\"0\",\"wpgmza_marker_listing_position\":false,\"zoom_level_on_marker_listing_override\":false,\"zoom_level_on_marker_listing_click\":\"\",\"marker_listing_disable_zoom\":false,\"datatable_no_result_message\":\"\",\"remove_search_box_datables\":false,\"dataTable_pagination_style\":null,\"datatable_search_string\":\"\",\"datatable_result_start\":\"\",\"datatable_result_of\":\"\",\"datatable_result_to\":\"\",\"datatable_result_total\":\"\",\"datatable_result_show\":\"\",\"datatable_result_entries\":\"\",\"wpgmza_savemap\":\"Save Map \\u00bb\"}}' data-map-id='1' data-maps-engine='open-layers' data-shortcode-attributes='{\"id\":\"1\"}' style=\"display:block; overflow:auto; width:100%; height:400px; float:left;\"><\/div>\n\n\n\n<div style=\"height:191px\" aria-hidden=\"true\" class=\"wp-block-spacer\"><\/div>\n\n\n\n<div class=\"wp-block-genesis-blocks-gb-columns gb-layout-columns-2 gb-2-col-wideright gb-columns-center alignfull\" style=\"padding-right:1em;padding-left:1em\"><div class=\"gb-layout-column-wrap gb-block-layout-column-gap-2 gb-is-responsive-column\" style=\"max-width:1200px\">\n<div class=\"wp-block-genesis-blocks-gb-column gb-block-layout-column\"><div class=\"gb-block-layout-column-inner\">\n<figure data-wp-context=\"{&quot;imageId&quot;:&quot;69d563ef8bb62&quot;}\" data-wp-interactive=\"core\/image\" data-wp-key=\"69d563ef8bb62\" class=\"wp-block-image alignleft size-full is-resized wp-lightbox-container\"><img loading=\"lazy\" decoding=\"async\" width=\"1920\" height=\"2560\" data-wp-class--hide=\"state.isContentHidden\" data-wp-class--show=\"state.isContentVisible\" data-wp-init=\"callbacks.setButtonStyles\" data-wp-on--click=\"actions.showLightbox\" data-wp-on--load=\"callbacks.setButtonStyles\" data-wp-on-window--resize=\"callbacks.setButtonStyles\" src=\"https:\/\/albaholidaylets.com\/wp-content\/uploads\/2025\/03\/IMG_1105-edited-scaled.jpeg\" alt=\"\" class=\"wp-image-2111\" style=\"aspect-ratio:9\/16;object-fit:cover;width:400px\" srcset=\"https:\/\/albaholidaylets.com\/wp-content\/uploads\/2025\/03\/IMG_1105-edited-scaled.jpeg 1920w, https:\/\/albaholidaylets.com\/wp-content\/uploads\/2025\/03\/IMG_1105-edited-225x300.jpeg 225w, https:\/\/albaholidaylets.com\/wp-content\/uploads\/2025\/03\/IMG_1105-edited-768x1024.jpeg 768w, https:\/\/albaholidaylets.com\/wp-content\/uploads\/2025\/03\/IMG_1105-edited-1152x1536.jpeg 1152w, https:\/\/albaholidaylets.com\/wp-content\/uploads\/2025\/03\/IMG_1105-edited-1536x2048.jpeg 1536w\" sizes=\"auto, (max-width: 1920px) 100vw, 1920px\" \/><button\n\t\t\tclass=\"lightbox-trigger\"\n\t\t\ttype=\"button\"\n\t\t\taria-haspopup=\"dialog\"\n\t\t\taria-label=\"Agrandar\"\n\t\t\tdata-wp-init=\"callbacks.initTriggerButton\"\n\t\t\tdata-wp-on--click=\"actions.showLightbox\"\n\t\t\tdata-wp-style--right=\"state.imageButtonRight\"\n\t\t\tdata-wp-style--top=\"state.imageButtonTop\"\n\t\t>\n\t\t\t<svg xmlns=\"http:\/\/www.w3.org\/2000\/svg\" width=\"12\" height=\"12\" fill=\"none\" viewbox=\"0 0 12 12\">\n\t\t\t\t<path fill=\"#fff\" d=\"M2 0a2 2 0 0 0-2 2v2h1.5V2a.5.5 0 0 1 .5-.5h2V0H2Zm2 10.5H2a.5.5 0 0 1-.5-.5V8H0v2a2 2 0 0 0 2 2h2v-1.5ZM8 12v-1.5h2a.5.5 0 0 0 .5-.5V8H12v2a2 2 0 0 1-2 2H8Zm2-12a2 2 0 0 1 2 2v2h-1.5V2a.5.5 0 0 0-.5-.5H8V0h2Z\" \/>\n\t\t\t<\/svg>\n\t\t<\/button><\/figure>\n<\/div><\/div>\n\n\n\n<div class=\"wp-block-genesis-blocks-gb-column gb-block-layout-column\"><div class=\"gb-block-layout-column-inner\">\n<h2 class=\"wp-block-heading\">LOCATION | GETTING THERE&nbsp;<\/h2>\n\n\n\n<p>The nearest airport is Granada, at 93km. Google \u201cGranada Airport\u201d to see which airlines fly there. See also Almeria and Malaga airports which are near too.<\/p>\n\n\n\n<p>Malaga International Airport is 151km from the house, and is very well served by many airports and airlines from most countries in Europe.<\/p>\n\n\n\n<p>There is a public bus service (google \u201cALSA\u201d) serving the village of Pitres (2km away) and a taxi service ( around 5\u20ac) to take you from there to Atalbeitar.<\/p>\n\n\n\n<p>From Pitres and to Pitres there are 3 buses\/day connecting it with Orgiva, which in turn has connections to the major cities. But we recommend hiring a car to be able to appreciate fully what the area has to offer. This is easily organised over the internet. (Google \u201cCar Hire Malaga Airport or Car Hire Granada Airport\u201d). These cars are sometimes surprisingly cheap.<\/p>\n<\/div><\/div>\n<\/div><\/div>\n\n\n\n<div style=\"color:#ddd\" class=\"wp-block-genesis-blocks-gb-spacer gb-block-spacer gb-divider-solid gb-spacer-divider gb-divider-size-1\"><hr style=\"height:100px\"\/><\/div>\n\n\n\n<div class=\"wp-block-genesis-blocks-gb-columns gb-layout-columns-1 gb-1-col-equal gb-columns-center alignfull\" style=\"padding-right:1em;padding-left:1em\"><div class=\"gb-layout-column-wrap gb-block-layout-column-gap-2 gb-is-responsive-column\" style=\"max-width:1200px\">\n<div class=\"wp-block-genesis-blocks-gb-column gb-block-layout-column\"><div class=\"gb-block-layout-column-inner\">\n<figure data-wp-context=\"{&quot;imageId&quot;:&quot;69d563ef8c285&quot;}\" data-wp-interactive=\"core\/image\" data-wp-key=\"69d563ef8c285\" class=\"wp-block-image alignfull wp-lightbox-container\"><img decoding=\"async\" data-wp-class--hide=\"state.isContentHidden\" data-wp-class--show=\"state.isContentVisible\" data-wp-init=\"callbacks.setButtonStyles\" data-wp-on--click=\"actions.showLightbox\" data-wp-on--load=\"callbacks.setButtonStyles\" data-wp-on-window--resize=\"callbacks.setButtonStyles\" src=\"https:\/\/albaholidaylets.com\/wp-content\/uploads\/2023\/02\/3B2FC713-77F1-4975-AD62-0C5133ED49BA-1024x575.jpeg\" alt=\"\" class=\"wp-image-37452\"\/><button\n\t\t\tclass=\"lightbox-trigger\"\n\t\t\ttype=\"button\"\n\t\t\taria-haspopup=\"dialog\"\n\t\t\taria-label=\"Agrandar\"\n\t\t\tdata-wp-init=\"callbacks.initTriggerButton\"\n\t\t\tdata-wp-on--click=\"actions.showLightbox\"\n\t\t\tdata-wp-style--right=\"state.imageButtonRight\"\n\t\t\tdata-wp-style--top=\"state.imageButtonTop\"\n\t\t>\n\t\t\t<svg xmlns=\"http:\/\/www.w3.org\/2000\/svg\" width=\"12\" height=\"12\" fill=\"none\" viewbox=\"0 0 12 12\">\n\t\t\t\t<path fill=\"#fff\" d=\"M2 0a2 2 0 0 0-2 2v2h1.5V2a.5.5 0 0 1 .5-.5h2V0H2Zm2 10.5H2a.5.5 0 0 1-.5-.5V8H0v2a2 2 0 0 0 2 2h2v-1.5ZM8 12v-1.5h2a.5.5 0 0 0 .5-.5V8H12v2a2 2 0 0 1-2 2H8Zm2-12a2 2 0 0 1 2 2v2h-1.5V2a.5.5 0 0 0-.5-.5H8V0h2Z\" \/>\n\t\t\t<\/svg>\n\t\t<\/button><\/figure>\n\n\n\n<h2 class=\"wp-block-heading\">FROM MALAGA:<\/h2>\n\n\n\n<p><em>From Malaga<\/em>, you need to take the motorway East (signed to Motril), it seems to be known as both the A7 and the E-15.<\/p>\n\n\n\n<p>Keep on this for over an hour past Nerja and Almu\u00f1ecar until you come to Salobre\u00f1a. Just past Salobre\u00f1a you meet the main road heading north for Granada (A44 or E902). Take this road,&nbsp; and after about 10 minutes, take the exit signed Orgiva\/Las Alpujarras (A346).<\/p>\n\n\n\n<p>Follow signposts to Orgiva, once there, continue through the town, following signs to Lanjaron, until you leave Orgiva by crossing the bridge.<\/p>\n\n\n\n<p>Just after the bridge, take the second turning on the right,&nbsp;for the Poqueira valley&nbsp; (signed to Carataunas\/Trevelez)(A4132).<\/p>\n\n\n\n<p>Keep on this road past Pampaneira and stick with it (Don\u2019t turn left to Bubion) until you get to Pitres.<\/p>\n\n\n\n<p>Stay on the main road past Pitres, and after 1 km you find the turning to Atalbeitar on the right (signed). This road leads you 2 km down the hill and into Atalbeitar.<\/p>\n\n\n\n<p>You will have to leave the car at the front of the village (luckily cars don&#8217;t fit down lanes built for donkeys!), but you can arrive to about 15 metres from the house for unloading only, so moving luggage shouldn\u2019t be a problem. Then please kindly remove the car and park it in the village car park. Welcome home!<\/p>\n<\/div><\/div>\n<\/div><\/div>\n\n\n\n<div style=\"color:#ddd\" class=\"wp-block-genesis-blocks-gb-spacer gb-block-spacer gb-divider-solid gb-spacer-divider gb-divider-size-1\"><hr style=\"height:100px\"\/><\/div>\n\n\n\n<div class=\"wp-block-genesis-blocks-gb-columns gb-layout-columns-1 gb-1-col-equal gb-columns-center alignfull\" style=\"padding-right:1em;padding-left:1em\"><div class=\"gb-layout-column-wrap gb-block-layout-column-gap-2 gb-is-responsive-column\" style=\"max-width:1200px\">\n<div class=\"wp-block-genesis-blocks-gb-column gb-block-layout-column gb-is-vertically-aligned-bottom\"><div class=\"gb-block-layout-column-inner\">\n<h2 class=\"wp-block-heading\">FROM GRANADA:<\/h2>\n\n\n\n<p><em>From Granada<\/em>&nbsp;you take the motorway south towards the coast and the town of Motril.<\/p>\n\n\n\n<p>You turn off the motorway to Lanjaron, las Alpujarras (after about 20 minutes drive). Drive through Lanjaron, and straight on to Orgiva.<\/p>\n\n\n\n<p>Just as you arrive to Orgiva, you pass a BP garage on your left, and&nbsp;take the next turning on&nbsp;your left (just before the bridge), for the Poqueira valley&nbsp; (signed to Carataunas\/Trevelez)(A4132).<\/p>\n\n\n\n<p>Keep on this road past Pampaneira and stick with it ( Don\u2019t turn left to Bubion) until you get to Pitres.<\/p>\n\n\n\n<p>Stay on the main road past Pitres, and after 1 km you find the turning to Atalbeitar on the right (signed).<\/p>\n\n\n\n<p>This road leads you two km down the hill and into Atalbeitar.<\/p>\n\n\n\n<p>You will have to leave the car at the front of the village (luckily cars don\u00b4t fit down lanes built for donkeys!), but you can arrive to about 15 metres from the house for unloading only, so moving luggage shouldn\u2019t be a problem. Then please kindly remove the car and park it in the village car park.&nbsp;Welcome home!<\/p>\n<\/div><\/div>\n<\/div><\/div>\n\n\n\n<h2 class=\"wp-block-heading\"><\/h2>","protected":false},"excerpt":{"rendered":"","protected":false},"author":1,"featured_media":0,"parent":9,"menu_order":2,"comment_status":"closed","ping_status":"closed","template":"","meta":{"om_disable_all_campaigns":false,"_monsterinsights_skip_tracking":false,"_monsterinsights_sitenote_active":false,"_monsterinsights_sitenote_note":"","_monsterinsights_sitenote_category":0,"_genesis_hide_title":true,"_genesis_hide_breadcrumbs":false,"_genesis_hide_singular_image":false,"_genesis_hide_footer_widgets":false,"_genesis_custom_body_class":"","_genesis_custom_post_class":"","_genesis_layout":"full-width-content","footnotes":""},"class_list":{"0":"post-489","1":"page","2":"type-page","3":"status-publish","5":"entry"},"aioseo_notices":[],"featured_image_src":null,"featured_image_src_square":null,"_links":{"self":[{"href":"https:\/\/albaholidaylets.com\/es\/wp-json\/wp\/v2\/pages\/489","targetHints":{"allow":["GET"]}}],"collection":[{"href":"https:\/\/albaholidaylets.com\/es\/wp-json\/wp\/v2\/pages"}],"about":[{"href":"https:\/\/albaholidaylets.com\/es\/wp-json\/wp\/v2\/types\/page"}],"author":[{"embeddable":true,"href":"https:\/\/albaholidaylets.com\/es\/wp-json\/wp\/v2\/users\/1"}],"replies":[{"embeddable":true,"href":"https:\/\/albaholidaylets.com\/es\/wp-json\/wp\/v2\/comments?post=489"}],"version-history":[{"count":8,"href":"https:\/\/albaholidaylets.com\/es\/wp-json\/wp\/v2\/pages\/489\/revisions"}],"predecessor-version":[{"id":2114,"href":"https:\/\/albaholidaylets.com\/es\/wp-json\/wp\/v2\/pages\/489\/revisions\/2114"}],"up":[{"embeddable":true,"href":"https:\/\/albaholidaylets.com\/es\/wp-json\/wp\/v2\/pages\/9"}],"wp:attachment":[{"href":"https:\/\/albaholidaylets.com\/es\/wp-json\/wp\/v2\/media?parent=489"}],"curies":[{"name":"wp","href":"https:\/\/api.w.org\/{rel}","templated":true}]}}