{"id":517,"date":"2024-05-16T19:45:05","date_gmt":"2024-05-16T19:45:05","guid":{"rendered":"http:\/\/albaholiday.local\/?page_id=517"},"modified":"2025-03-19T10:19:58","modified_gmt":"2025-03-19T10:19:58","slug":"fiestas-in-las-alpujarras","status":"publish","type":"page","link":"https:\/\/albaholidaylets.com\/es\/activities\/fiestas-in-las-alpujarras\/","title":{"rendered":"Fiestas in Las Alpujarras"},"content":{"rendered":"<figure data-wp-context=\"{&quot;imageId&quot;:&quot;69d5635a06a5d&quot;}\" data-wp-interactive=\"core\/image\" data-wp-key=\"69d5635a06a5d\" class=\"wp-block-image alignfull size-large wp-lightbox-container\"><img loading=\"lazy\" decoding=\"async\" width=\"1024\" height=\"673\" data-wp-class--hide=\"state.isContentHidden\" data-wp-class--show=\"state.isContentVisible\" data-wp-init=\"callbacks.setButtonStyles\" data-wp-on--click=\"actions.showLightbox\" data-wp-on--load=\"callbacks.setButtonStyles\" data-wp-on-window--resize=\"callbacks.setButtonStyles\" src=\"https:\/\/albaholidaylets.com\/wp-content\/uploads\/2025\/03\/IMG_6801-2-1024x673.jpeg\" alt=\"\" class=\"wp-image-1409\" srcset=\"https:\/\/albaholidaylets.com\/wp-content\/uploads\/2025\/03\/IMG_6801-2-1024x673.jpeg 1024w, https:\/\/albaholidaylets.com\/wp-content\/uploads\/2025\/03\/IMG_6801-2-300x197.jpeg 300w, https:\/\/albaholidaylets.com\/wp-content\/uploads\/2025\/03\/IMG_6801-2-768x504.jpeg 768w, https:\/\/albaholidaylets.com\/wp-content\/uploads\/2025\/03\/IMG_6801-2-1536x1009.jpeg 1536w, https:\/\/albaholidaylets.com\/wp-content\/uploads\/2025\/03\/IMG_6801-2-2048x1345.jpeg 2048w\" sizes=\"auto, (max-width: 1024px) 100vw, 1024px\" \/><button\n\t\t\tclass=\"lightbox-trigger\"\n\t\t\ttype=\"button\"\n\t\t\taria-haspopup=\"dialog\"\n\t\t\taria-label=\"Agrandar\"\n\t\t\tdata-wp-init=\"callbacks.initTriggerButton\"\n\t\t\tdata-wp-on--click=\"actions.showLightbox\"\n\t\t\tdata-wp-style--right=\"state.imageButtonRight\"\n\t\t\tdata-wp-style--top=\"state.imageButtonTop\"\n\t\t>\n\t\t\t<svg xmlns=\"http:\/\/www.w3.org\/2000\/svg\" width=\"12\" height=\"12\" fill=\"none\" viewbox=\"0 0 12 12\">\n\t\t\t\t<path fill=\"#fff\" d=\"M2 0a2 2 0 0 0-2 2v2h1.5V2a.5.5 0 0 1 .5-.5h2V0H2Zm2 10.5H2a.5.5 0 0 1-.5-.5V8H0v2a2 2 0 0 0 2 2h2v-1.5ZM8 12v-1.5h2a.5.5 0 0 0 .5-.5V8H12v2a2 2 0 0 1-2 2H8Zm2-12a2 2 0 0 1 2 2v2h-1.5V2a.5.5 0 0 0-.5-.5H8V0h2Z\" \/>\n\t\t\t<\/svg>\n\t\t<\/button><\/figure>\n\n\n\n<div style=\"height:24px\" aria-hidden=\"true\" class=\"wp-block-spacer\"><\/div>\n\n\n\n<h1 class=\"wp-block-heading has-text-align-center\">FIESTAS IN OUR VALLEY AND BEYOND<\/h1>\n\n\n\n<div style=\"height:29px\" aria-hidden=\"true\" class=\"wp-block-spacer\"><\/div>\n\n\n\n<div class=\"wp-block-group alignfull is-layout-constrained wp-block-group-is-layout-constrained\">\n<div class=\"wp-block-group alignfull is-layout-constrained wp-block-group-is-layout-constrained\">\n<div class=\"wp-block-genesis-blocks-gb-columns gb-layout-columns-2 gb-2-col-wideright gb-columns-center alignfull\" style=\"padding-right:1em;padding-left:1em\"><div class=\"gb-layout-column-wrap gb-block-layout-column-gap-2 gb-is-responsive-column\" style=\"max-width:1200px\">\n<div class=\"wp-block-genesis-blocks-gb-column gb-block-layout-column\"><div class=\"gb-block-layout-column-inner\">\n<p><\/p>\n\n\n\n<figure data-wp-context=\"{&quot;imageId&quot;:&quot;69d5635a06ee6&quot;}\" data-wp-interactive=\"core\/image\" data-wp-key=\"69d5635a06ee6\" class=\"wp-block-image size-large wp-lightbox-container\"><img loading=\"lazy\" decoding=\"async\" width=\"768\" height=\"1024\" data-wp-class--hide=\"state.isContentHidden\" data-wp-class--show=\"state.isContentVisible\" data-wp-init=\"callbacks.setButtonStyles\" data-wp-on--click=\"actions.showLightbox\" data-wp-on--load=\"callbacks.setButtonStyles\" data-wp-on-window--resize=\"callbacks.setButtonStyles\" src=\"https:\/\/albaholidaylets.com\/wp-content\/uploads\/2025\/03\/IMG_5751-4-768x1024.jpeg\" alt=\"\" class=\"wp-image-1388\" srcset=\"https:\/\/albaholidaylets.com\/wp-content\/uploads\/2025\/03\/IMG_5751-4-768x1024.jpeg 768w, https:\/\/albaholidaylets.com\/wp-content\/uploads\/2025\/03\/IMG_5751-4-225x300.jpeg 225w, https:\/\/albaholidaylets.com\/wp-content\/uploads\/2025\/03\/IMG_5751-4-1152x1536.jpeg 1152w, https:\/\/albaholidaylets.com\/wp-content\/uploads\/2025\/03\/IMG_5751-4-1536x2048.jpeg 1536w, https:\/\/albaholidaylets.com\/wp-content\/uploads\/2025\/03\/IMG_5751-4-scaled.jpeg 1920w\" sizes=\"auto, (max-width: 768px) 100vw, 768px\" \/><button\n\t\t\tclass=\"lightbox-trigger\"\n\t\t\ttype=\"button\"\n\t\t\taria-haspopup=\"dialog\"\n\t\t\taria-label=\"Agrandar\"\n\t\t\tdata-wp-init=\"callbacks.initTriggerButton\"\n\t\t\tdata-wp-on--click=\"actions.showLightbox\"\n\t\t\tdata-wp-style--right=\"state.imageButtonRight\"\n\t\t\tdata-wp-style--top=\"state.imageButtonTop\"\n\t\t>\n\t\t\t<svg xmlns=\"http:\/\/www.w3.org\/2000\/svg\" width=\"12\" height=\"12\" fill=\"none\" viewbox=\"0 0 12 12\">\n\t\t\t\t<path fill=\"#fff\" d=\"M2 0a2 2 0 0 0-2 2v2h1.5V2a.5.5 0 0 1 .5-.5h2V0H2Zm2 10.5H2a.5.5 0 0 1-.5-.5V8H0v2a2 2 0 0 0 2 2h2v-1.5ZM8 12v-1.5h2a.5.5 0 0 0 .5-.5V8H12v2a2 2 0 0 1-2 2H8Zm2-12a2 2 0 0 1 2 2v2h-1.5V2a.5.5 0 0 0-.5-.5H8V0h2Z\" \/>\n\t\t\t<\/svg>\n\t\t<\/button><\/figure>\n\n\n\n<div style=\"height:40px\" aria-hidden=\"true\" class=\"wp-block-spacer\"><\/div>\n\n\n\n<figure data-wp-context=\"{&quot;imageId&quot;:&quot;69d5635a071d2&quot;}\" data-wp-interactive=\"core\/image\" data-wp-key=\"69d5635a071d2\" class=\"wp-block-image size-large wp-lightbox-container\"><img loading=\"lazy\" decoding=\"async\" width=\"737\" height=\"1024\" data-wp-class--hide=\"state.isContentHidden\" data-wp-class--show=\"state.isContentVisible\" data-wp-init=\"callbacks.setButtonStyles\" data-wp-on--click=\"actions.showLightbox\" data-wp-on--load=\"callbacks.setButtonStyles\" data-wp-on-window--resize=\"callbacks.setButtonStyles\" src=\"https:\/\/albaholidaylets.com\/wp-content\/uploads\/2025\/03\/IMG_1298-1-737x1024.jpeg\" alt=\"\" class=\"wp-image-1389\" srcset=\"https:\/\/albaholidaylets.com\/wp-content\/uploads\/2025\/03\/IMG_1298-1-737x1024.jpeg 737w, https:\/\/albaholidaylets.com\/wp-content\/uploads\/2025\/03\/IMG_1298-1-216x300.jpeg 216w, https:\/\/albaholidaylets.com\/wp-content\/uploads\/2025\/03\/IMG_1298-1-768x1067.jpeg 768w, https:\/\/albaholidaylets.com\/wp-content\/uploads\/2025\/03\/IMG_1298-1-1105x1536.jpeg 1105w, https:\/\/albaholidaylets.com\/wp-content\/uploads\/2025\/03\/IMG_1298-1-1474x2048.jpeg 1474w, https:\/\/albaholidaylets.com\/wp-content\/uploads\/2025\/03\/IMG_1298-1-scaled.jpeg 1842w\" sizes=\"auto, (max-width: 737px) 100vw, 737px\" \/><button\n\t\t\tclass=\"lightbox-trigger\"\n\t\t\ttype=\"button\"\n\t\t\taria-haspopup=\"dialog\"\n\t\t\taria-label=\"Agrandar\"\n\t\t\tdata-wp-init=\"callbacks.initTriggerButton\"\n\t\t\tdata-wp-on--click=\"actions.showLightbox\"\n\t\t\tdata-wp-style--right=\"state.imageButtonRight\"\n\t\t\tdata-wp-style--top=\"state.imageButtonTop\"\n\t\t>\n\t\t\t<svg xmlns=\"http:\/\/www.w3.org\/2000\/svg\" width=\"12\" height=\"12\" fill=\"none\" viewbox=\"0 0 12 12\">\n\t\t\t\t<path fill=\"#fff\" d=\"M2 0a2 2 0 0 0-2 2v2h1.5V2a.5.5 0 0 1 .5-.5h2V0H2Zm2 10.5H2a.5.5 0 0 1-.5-.5V8H0v2a2 2 0 0 0 2 2h2v-1.5ZM8 12v-1.5h2a.5.5 0 0 0 .5-.5V8H12v2a2 2 0 0 1-2 2H8Zm2-12a2 2 0 0 1 2 2v2h-1.5V2a.5.5 0 0 0-.5-.5H8V0h2Z\" \/>\n\t\t\t<\/svg>\n\t\t<\/button><\/figure>\n\n\n\n<div style=\"height:36px\" aria-hidden=\"true\" class=\"wp-block-spacer\"><\/div>\n\n\n\n<figure data-wp-context=\"{&quot;imageId&quot;:&quot;69d5635a074b1&quot;}\" data-wp-interactive=\"core\/image\" data-wp-key=\"69d5635a074b1\" class=\"wp-block-image size-large wp-lightbox-container\"><img loading=\"lazy\" decoding=\"async\" width=\"907\" height=\"1024\" data-wp-class--hide=\"state.isContentHidden\" data-wp-class--show=\"state.isContentVisible\" data-wp-init=\"callbacks.setButtonStyles\" data-wp-on--click=\"actions.showLightbox\" data-wp-on--load=\"callbacks.setButtonStyles\" data-wp-on-window--resize=\"callbacks.setButtonStyles\" src=\"https:\/\/albaholidaylets.com\/wp-content\/uploads\/2025\/03\/IMG_5821-907x1024.jpeg\" alt=\"\" class=\"wp-image-1407\" srcset=\"https:\/\/albaholidaylets.com\/wp-content\/uploads\/2025\/03\/IMG_5821-907x1024.jpeg 907w, https:\/\/albaholidaylets.com\/wp-content\/uploads\/2025\/03\/IMG_5821-266x300.jpeg 266w, https:\/\/albaholidaylets.com\/wp-content\/uploads\/2025\/03\/IMG_5821-768x867.jpeg 768w, https:\/\/albaholidaylets.com\/wp-content\/uploads\/2025\/03\/IMG_5821-1360x1536.jpeg 1360w, https:\/\/albaholidaylets.com\/wp-content\/uploads\/2025\/03\/IMG_5821-1814x2048.jpeg 1814w\" sizes=\"auto, (max-width: 907px) 100vw, 907px\" \/><button\n\t\t\tclass=\"lightbox-trigger\"\n\t\t\ttype=\"button\"\n\t\t\taria-haspopup=\"dialog\"\n\t\t\taria-label=\"Agrandar\"\n\t\t\tdata-wp-init=\"callbacks.initTriggerButton\"\n\t\t\tdata-wp-on--click=\"actions.showLightbox\"\n\t\t\tdata-wp-style--right=\"state.imageButtonRight\"\n\t\t\tdata-wp-style--top=\"state.imageButtonTop\"\n\t\t>\n\t\t\t<svg xmlns=\"http:\/\/www.w3.org\/2000\/svg\" width=\"12\" height=\"12\" fill=\"none\" viewbox=\"0 0 12 12\">\n\t\t\t\t<path fill=\"#fff\" d=\"M2 0a2 2 0 0 0-2 2v2h1.5V2a.5.5 0 0 1 .5-.5h2V0H2Zm2 10.5H2a.5.5 0 0 1-.5-.5V8H0v2a2 2 0 0 0 2 2h2v-1.5ZM8 12v-1.5h2a.5.5 0 0 0 .5-.5V8H12v2a2 2 0 0 1-2 2H8Zm2-12a2 2 0 0 1 2 2v2h-1.5V2a.5.5 0 0 0-.5-.5H8V0h2Z\" \/>\n\t\t\t<\/svg>\n\t\t<\/button><\/figure>\n<\/div><\/div>\n\n\n\n<div class=\"wp-block-genesis-blocks-gb-column gb-block-layout-column\"><div class=\"gb-block-layout-column-inner\">\n<p><strong>ATALBEITAR<\/strong> : On January 17th, is the CHISCO, a festivity around a bonfire with roasted bacon and other foods. All villages in the valley celebrate it too.<\/p>\n\n\n\n<p>During the first weekend of February, the festival of the Virgin of Candelaria, featuring a remarkably beautiful procession, as well as music and dancing.<\/p>\n\n\n\n<p>The second weekend of August, the biggest fiesta with live performances, processions, one Cristian the other fancy dress, the burial of the vixen and food in the plaza as well as dancing.<\/p>\n\n\n\n<p><strong>PITRES:<\/strong> the second week of August, 5 days with a fair and live music and dancing.<\/p>\n\n\n\n<p><strong>FERREIROLA<\/strong>: The third weekend of August , live music, dancing and a water war in the streets, great fun!<\/p>\n\n\n\n<p><strong>FONDALES<\/strong>: The first week of October to the Virgen del Rosario.<\/p>\n\n\n\n<p><strong>BUSQUISTAR <\/strong>has a remarkably excellent Jazz festival the first weekend of August. See: Festival de Jazz &amp; Blues de La Alpujarra.<\/p>\n\n\n\n<p>This village fiestas is at the beginning of May , 3 to 4 days with life music and dancing and local food.<\/p>\n\n\n\n<p><strong>PORTUGOS<\/strong>: 20th of January, fiesta de San Sebasti\u00e1n.<\/p>\n\n\n\n<p>First week of August, cultural week and celebrations, as well as fiesta de La Parva.<\/p>\n\n\n\n<p>Nearest weekend to 7th of October, main fiestas of this village with dancing, live music and local foods in honour of Virgin del Rosario.<\/p>\n\n\n\n<p>The festival more celebrated in the Alpujarra is San Marcos in Spring. During April 25th it is celebrated with field trips and pilgrimages (called romerias) in some towns. In the town of Berchules the procession is accompanied by animals, cows and horses.<\/p>\n\n\n\n<p><strong>Orgiva<\/strong>: during Lent is the festivity of Christo de la Expiracion. With another very picturesque procession. Pitres also celebrates this.<br><strong>Lanjar\u00f3n<\/strong>:&nbsp; Don\u2019t miss the fiesta of San Juan, during June 23 the streets are filled with water and ham!<\/p>\n\n\n\n<p>A throughout the <strong>Alpujarras<\/strong> are traditional Moors and Christians festivities which takes place&nbsp; in the square of some villages with a \u201ctheatre\u201d show. Held to coincide with the patron saints. We can enjoy these throughout the summer in Laroles, Juviles, Trev\u00e9lez, Bubi\u00f3n, Albond\u00f3n, Cher\u00edn, Jorairatar and Picena, the most spectacular the one represented in the village of Valor on 15 September.<br>The holiday of chestnuts (la Casta\u00f1a) and La Matanza is in November and December respectively.<\/p>\n\n\n\n<p>Laujar of Andarax has a bullring and sometimes there are events there. Please google it if you are interested.<\/p>\n\n\n\n<p>Finally I should mention the beautiful Summer pilgrimage,&nbsp; departure from <strong>Trev\u00e9lez<\/strong> to the mountain of&nbsp; Mulhacen, leading the Virgen de las Nieves, amazing walk if steep! on August 5th.<\/p>\n<\/div><\/div>\n<\/div><\/div>\n<\/div>\n<\/div>\n\n\n\n<div style=\"height:159px\" aria-hidden=\"true\" class=\"wp-block-spacer\"><\/div>","protected":false},"excerpt":{"rendered":"<p>FIESTAS IN OUR VALLEY AND BEYOND<\/p>","protected":false},"author":1,"featured_media":0,"parent":261,"menu_order":1,"comment_status":"closed","ping_status":"closed","template":"","meta":{"om_disable_all_campaigns":false,"_monsterinsights_skip_tracking":false,"_monsterinsights_sitenote_active":false,"_monsterinsights_sitenote_note":"","_monsterinsights_sitenote_category":0,"_genesis_hide_title":true,"_genesis_hide_breadcrumbs":false,"_genesis_hide_singular_image":false,"_genesis_hide_footer_widgets":false,"_genesis_custom_body_class":"","_genesis_custom_post_class":"","_genesis_layout":"full-width-content","footnotes":""},"class_list":{"0":"post-517","1":"page","2":"type-page","3":"status-publish","5":"entry"},"aioseo_notices":[],"featured_image_src":null,"featured_image_src_square":null,"_links":{"self":[{"href":"https:\/\/albaholidaylets.com\/es\/wp-json\/wp\/v2\/pages\/517","targetHints":{"allow":["GET"]}}],"collection":[{"href":"https:\/\/albaholidaylets.com\/es\/wp-json\/wp\/v2\/pages"}],"about":[{"href":"https:\/\/albaholidaylets.com\/es\/wp-json\/wp\/v2\/types\/page"}],"author":[{"embeddable":true,"href":"https:\/\/albaholidaylets.com\/es\/wp-json\/wp\/v2\/users\/1"}],"replies":[{"embeddable":true,"href":"https:\/\/albaholidaylets.com\/es\/wp-json\/wp\/v2\/comments?post=517"}],"version-history":[{"count":36,"href":"https:\/\/albaholidaylets.com\/es\/wp-json\/wp\/v2\/pages\/517\/revisions"}],"predecessor-version":[{"id":2119,"href":"https:\/\/albaholidaylets.com\/es\/wp-json\/wp\/v2\/pages\/517\/revisions\/2119"}],"up":[{"embeddable":true,"href":"https:\/\/albaholidaylets.com\/es\/wp-json\/wp\/v2\/pages\/261"}],"wp:attachment":[{"href":"https:\/\/albaholidaylets.com\/es\/wp-json\/wp\/v2\/media?parent=517"}],"curies":[{"name":"wp","href":"https:\/\/api.w.org\/{rel}","templated":true}]}}